{"id":3042,"date":"2026-02-24T07:52:06","date_gmt":"2026-02-24T12:52:06","guid":{"rendered":"https:\/\/worldcarenew.wpenginepowered.com\/?page_id=3042"},"modified":"2026-02-24T07:54:06","modified_gmt":"2026-02-24T12:54:06","slug":"dakujem","status":"publish","type":"page","link":"https:\/\/www.worldcare.com\/sk\/thank-you\/","title":{"rendered":"\u010eakujem"},"content":{"rendered":"<style>.elementor-3042 .elementor-element.elementor-element-cbf274c{--display:flex;--min-height:88vh;--flex-direction:column;--container-widget-width:calc( ( 1 - var( --container-widget-flex-grow ) ) * 100% );--container-widget-height:initial;--container-widget-flex-grow:0;--container-widget-align-self:initial;--flex-wrap-mobile:wrap;--justify-content:center;--align-items:stretch;--gap:0px 0px;--row-gap:0px;--column-gap:0px;--overlay-opacity:0.74;--padding-top:0%;--padding-bottom:0%;--padding-left:8%;--padding-right:8%;}.elementor-3042 .elementor-element.elementor-element-cbf274c:not(.elementor-motion-effects-element-type-background), .elementor-3042 .elementor-element.elementor-element-cbf274c > .elementor-motion-effects-container > .elementor-motion-effects-layer{background-color:#F3F5F8;background-image:url(\"https:\/\/www.worldcare.com\/wp-content\/uploads\/2025\/11\/labware-and-laptop-on-table-at-scientific-laborato-2025-02-11-15-43-42-utc.webp\");background-position:bottom right;background-repeat:no-repeat;background-size:cover;}.elementor-3042 .elementor-element.elementor-element-cbf274c::before, .elementor-3042 .elementor-element.elementor-element-cbf274c > .elementor-background-video-container::before, .elementor-3042 .elementor-element.elementor-element-cbf274c > .e-con-inner > .elementor-background-video-container::before, .elementor-3042 .elementor-element.elementor-element-cbf274c > .elementor-background-slideshow::before, .elementor-3042 .elementor-element.elementor-element-cbf274c > .e-con-inner > .elementor-background-slideshow::before, .elementor-3042 .elementor-element.elementor-element-cbf274c > .elementor-motion-effects-container > .elementor-motion-effects-layer::before{--background-overlay:'';background-color:var( --e-global-color-4751a62 );}.elementor-3042 .elementor-element.elementor-element-32aac7b{text-align:center;}.elementor-3042 .elementor-element.elementor-element-32aac7b .elementor-heading-title{font-family:\"Poppins\", Sans-serif;font-size:88px;font-weight:600;text-transform:none;font-style:normal;text-decoration:none;line-height:1.2em;letter-spacing:0px;color:var( --e-global-color-primary );}.elementor-3042 .elementor-element.elementor-element-7240efe{text-align:center;font-family:\"Poppins\", Sans-serif;font-size:19px;font-weight:300;text-transform:none;font-style:normal;text-decoration:none;line-height:1.5em;letter-spacing:0px;color:var( --e-global-color-5c86242 );}:root{--page-title-display:none;}@media(min-width:768px){.elementor-3042 .elementor-element.elementor-element-cbf274c{--content-width:1650px;}}@media(max-width:1024px){.elementor-3042 .elementor-element.elementor-element-cbf274c:not(.elementor-motion-effects-element-type-background), .elementor-3042 .elementor-element.elementor-element-cbf274c > .elementor-motion-effects-container > .elementor-motion-effects-layer{background-position:bottom left;}.elementor-3042 .elementor-element.elementor-element-cbf274c{--padding-top:0%;--padding-bottom:0%;--padding-left:5%;--padding-right:5%;}.elementor-3042 .elementor-element.elementor-element-32aac7b .elementor-heading-title{font-size:111px;}.elementor-3042 .elementor-element.elementor-element-7240efe{font-size:25px;}}@media(max-width:767px){.elementor-3042 .elementor-element.elementor-element-cbf274c:not(.elementor-motion-effects-element-type-background), .elementor-3042 .elementor-element.elementor-element-cbf274c > .elementor-motion-effects-container > .elementor-motion-effects-layer{background-position:bottom left;}.elementor-3042 .elementor-element.elementor-element-32aac7b .elementor-heading-title{font-size:89px;line-height:1em;}.elementor-3042 .elementor-element.elementor-element-32aac7b{margin:0px 0px calc(var(--kit-widget-spacing, 0px) + 20px) 0px;}.elementor-3042 .elementor-element.elementor-element-7240efe{font-size:23px;}}<\/style>\t\t<div data-elementor-type=\"wp-page\" data-elementor-id=\"3042\" class=\"elementor elementor-3042\" data-elementor-post-type=\"page\">\n\t\t\t\t<div class=\"elementor-element elementor-element-cbf274c e-flex e-con-boxed e-con e-parent\" data-id=\"cbf274c\" data-element_type=\"container\" data-e-type=\"container\" data-settings=\"{&quot;background_background&quot;:&quot;classic&quot;}\">\n\t\t\t\t\t<div class=\"e-con-inner\">\n\t\t\t\t<div class=\"elementor-element elementor-element-32aac7b elementor-widget elementor-widget-heading\" data-id=\"32aac7b\" data-element_type=\"widget\" data-e-type=\"widget\" data-widget_type=\"heading.default\">\n\t\t\t\t\t<h1 class=\"elementor-heading-title elementor-size-default\">\u010eakujem<\/h1>\t\t\t\t<\/div>\n\t\t\t\t<div class=\"elementor-element elementor-element-7240efe elementor-widget elementor-widget-text-editor\" data-id=\"7240efe\" data-element_type=\"widget\" data-e-type=\"widget\" data-widget_type=\"text-editor.default\">\n\t\t\t\t\t\t\t\t\t<p>Za kontaktovanie n\u00e1s. \u010coskoro sa v\u00e1m ozveme.<\/p>\t\t\t\t\t\t\t\t<\/div>\n\t\t\t\t\t<\/div>\n\t\t\t\t<\/div>\n\t\t\t\t<\/div>","protected":false},"excerpt":{"rendered":"<p>\u010eakujeme, \u017ee ste n\u00e1s kontaktovali. \u010coskoro sa v\u00e1m ozveme.<\/p>","protected":false},"author":1,"featured_media":0,"parent":0,"menu_order":0,"comment_status":"closed","ping_status":"closed","template":"elementor_header_footer","meta":{"footnotes":""},"class_list":["post-3042","page","type-page","status-publish","hentry"],"_links":{"self":[{"href":"https:\/\/www.worldcare.com\/sk\/wp-json\/wp\/v2\/pages\/3042","targetHints":{"allow":["GET"]}}],"collection":[{"href":"https:\/\/www.worldcare.com\/sk\/wp-json\/wp\/v2\/pages"}],"about":[{"href":"https:\/\/www.worldcare.com\/sk\/wp-json\/wp\/v2\/types\/page"}],"author":[{"embeddable":true,"href":"https:\/\/www.worldcare.com\/sk\/wp-json\/wp\/v2\/users\/1"}],"replies":[{"embeddable":true,"href":"https:\/\/www.worldcare.com\/sk\/wp-json\/wp\/v2\/comments?post=3042"}],"version-history":[{"count":0,"href":"https:\/\/www.worldcare.com\/sk\/wp-json\/wp\/v2\/pages\/3042\/revisions"}],"wp:attachment":[{"href":"https:\/\/www.worldcare.com\/sk\/wp-json\/wp\/v2\/media?parent=3042"}],"curies":[{"name":"pracovn\u00fd list","href":"https:\/\/api.w.org\/{rel}","templated":true}]}}